{"id":237,"date":"2018-07-12T07:32:52","date_gmt":"2018-07-12T07:32:52","guid":{"rendered":"http:\/\/kanni.local\/?page_id=237"},"modified":"2026-04-16T11:44:15","modified_gmt":"2026-04-16T11:44:15","slug":"kontakt","status":"publish","type":"page","link":"https:\/\/intqs.eu\/en\/kontakt\/","title":{"rendered":"Contact"},"content":{"rendered":"<div class=\"wpb-content-wrapper\"><div class=\"vc_row wpb_row vc_row-fluid\"><div class=\"wpb_column vc_column_container vc_col-sm-12\"><div class=\"vc_column-inner\"><div class=\"wpb_wrapper\"><div class='dt-sc-title with-two-border aligncenter'><h2>Contact Information<\/h2><\/div><div class=\"vc_row wpb_row vc_inner vc_row-fluid vc_custom_1531473042610\"><div class=\"wpb_column vc_column_container vc_col-sm-6\"><div class=\"vc_column-inner\"><div class=\"wpb_wrapper\"><div class='dt-sc-contact-info  bordered'><span class='fa fa-map-signs'> <\/span><h6>Address<\/h6>53-238 Wroc\u0142aw, Poland, <br>ul. Ostrowskiego 7\/033<br><br>\nPon-Pt: 8:00-16:00<\/div><\/div><\/div><\/div><div class=\"wpb_column vc_column_container vc_col-sm-6\"><div class=\"vc_column-inner\"><div class=\"wpb_wrapper\"><div class='dt-sc-contact-info  bordered'><span class='fa fa-phone'> <\/span><h6>Phone<\/h6>+48 573 207 275 <br>+48 506 322 851 <br><br> <a href=\"mailto:biuro@intqs.eu\">biuro@intqs.eu<\/a><\/div><\/div><\/div><\/div><\/div><div class=\"vc_row wpb_row vc_inner vc_row-fluid\"><div class=\"wpb_column vc_column_container vc_col-sm-12\"><div class=\"vc_column-inner\"><div class=\"wpb_wrapper\"><div id=\"responsive_map-1281355623\" class=\"responsive-map\" style=\"height:370px;width:100%;\"><\/div>\t\t<script type=\"text\/javascript\">\r\n\t\t\tjQuery(document).ready(function($){\r\n\r\n\t\t\t\tvar mapdiv = jQuery(\"#responsive_map-1281355623\");\r\n\t\t\t\tmapdiv.gMap({\r\n\t\t\t\t\tmaptype: google.maps.MapTypeId.ROADMAP,\r\n\t\t\t\t\tzoom: 17,\r\n\t\t\t\t\tlatitude: null,\r\n\t\t\t\t\tlongitude: null,\r\n\t\t\t\t\tstreetViewControl:true,\r\n\t\t\t\t\tmapTypeControl:true,\r\n\t\t\t\t\tzoomControl:true,\r\n\t\t\t\t\tscaleControl:true,\r\n\t\t\t\t\tscrollwheel:true,\r\n\t\t\t\t\tdraggable:true,\r\n\t\t\t\t\tstyles:[{\"stylers\":[{\"featureType\":\"all\"}]}],\r\n\t\t\t\t\tmarkers: [{flat: true,key:\"1\",latitude:\"51.0955751\",longitude:\"16.9738284\",icon: { image:\"https:\/\/intqs.eu\/wp-content\/plugins\/designthemes-core-features\/shortcodes\/images\/markers\/green.png\" },}],\r\n\t\t\t\t\tpanControl: true,\r\n\t\t\t\t\toverviewMapControl:true,\r\n\t\t\t\t});\r\n\t\t\t});\r\n\t\t<\/script><\/div><\/div><\/div><\/div><\/div><\/div><\/div><\/div><div  style='background-attachment:fixed !important;' data-vc-full-width=\"true\" data-vc-full-width-init=\"false\" class=\"vc_row wpb_row vc_row-fluid dt-skin-primary-bg dt-sc-dark-bg vc_custom_1534507596917 vc_row-has-fill\"><div class=\"wpb_column vc_column_container vc_col-sm-12\"><div class=\"vc_column-inner\"><div class=\"wpb_wrapper\"><div id=\"1531201315565-cbb906c0-45bd\" class=\"dt-sc-empty-space\"><\/div><div class='dt-sc-title with-two-border aligncenter'><h2>What are your needs?<\/h2><\/div><h5>I'm interested in:<\/h5>\n<div class=\"wpcf7 no-js\" id=\"wpcf7-f11063-o1\" lang=\"pl-PL\" dir=\"ltr\" data-wpcf7-id=\"11063\">\n<div class=\"screen-reader-response\"><p role=\"status\" aria-live=\"polite\" aria-atomic=\"true\"><\/p> <ul><\/ul><\/div>\n<form action=\"\/en\/wp-json\/wp\/v2\/pages\/237#wpcf7-f11063-o1\" method=\"post\" class=\"wpcf7-form init assessment-form\" aria-label=\"Formularz kontaktowy\" novalidate=\"novalidate\" data-status=\"init\" data-trp-original-action=\"\/en\/wp-json\/wp\/v2\/pages\/237#wpcf7-f11063-o1\">\n<fieldset class=\"hidden-fields-container\"><input type=\"hidden\" name=\"_wpcf7\" value=\"11063\" \/><input type=\"hidden\" name=\"_wpcf7_version\" value=\"6.1.5\" \/><input type=\"hidden\" name=\"_wpcf7_locale\" value=\"pl_PL\" \/><input type=\"hidden\" name=\"_wpcf7_unit_tag\" value=\"wpcf7-f11063-o1\" \/><input type=\"hidden\" name=\"_wpcf7_container_post\" value=\"0\" \/><input type=\"hidden\" name=\"_wpcf7_posted_data_hash\" value=\"\" \/>\n<\/fieldset>\n<div class=\"column dt-sc-one-third first\">\n\t<p><span class=\"wpcf7-form-control-wrap\" data-name=\"checkbox-1\"><span class=\"wpcf7-form-control wpcf7-checkbox\"><span class=\"wpcf7-list-item first last\"><input type=\"checkbox\" name=\"checkbox-1[]\" value=\"Sortowanie i Kontrola\" \/><span class=\"wpcf7-list-item-label\">Selection and control<\/span><\/span><\/span><\/span>\n\t<\/p>\n<\/div>\n<div class=\"column dt-sc-one-third\">\n\t<p><span class=\"wpcf7-form-control-wrap\" data-name=\"checkbox-2\"><span class=\"wpcf7-form-control wpcf7-checkbox\"><span class=\"wpcf7-list-item first last\"><input type=\"checkbox\" name=\"checkbox-2[]\" value=\"Obr\u00f3bka i Monta\u017c\" \/><span class=\"wpcf7-list-item-label\">Rework and assembling<\/span><\/span><\/span><\/span>\n\t<\/p>\n<\/div>\n<div class=\"column dt-sc-one-third\">\n\t<p><span class=\"wpcf7-form-control-wrap\" data-name=\"checkbox-3\"><span class=\"wpcf7-form-control wpcf7-checkbox\"><span class=\"wpcf7-list-item first last\"><input type=\"checkbox\" name=\"checkbox-3[]\" value=\"Magazynowanie i Logistyka\" \/><span class=\"wpcf7-list-item-label\">Warehousing and Logistics<\/span><\/span><\/span><\/span>\n\t<\/p>\n<\/div>\n<div class=\"aligncenter\">\n\t<p>&nbsp;\n\t<\/p>\n<\/div>\n<div class=\"column dt-sc-one-half first\">\n\t<p><i class=\"fa fa-address-card\"><\/i><span class=\"wpcf7-form-control-wrap\" data-name=\"my_name\"><input size=\"40\" maxlength=\"400\" class=\"wpcf7-form-control wpcf7-text wpcf7-validates-as-required\" aria-required=\"true\" aria-invalid=\"false\" placeholder=\"First and Last Name\" value=\"\" type=\"text\" name=\"my_name\" \/><\/span>\n\t<\/p>\n<\/div>\n<div class=\"column dt-sc-one-half\">\n\t<p><i class=\"fa fa-building\"><\/i><span class=\"wpcf7-form-control-wrap\" data-name=\"firma\"><input size=\"40\" maxlength=\"400\" class=\"wpcf7-form-control wpcf7-text\" aria-invalid=\"false\" placeholder=\"Company\" value=\"\" type=\"text\" name=\"firma\" \/><\/span>\n\t<\/p>\n<\/div>\n<div class=\"column dt-sc-one-half first\">\n\t<p><i class=\"fa fa-mobile\"><\/i><span class=\"wpcf7-form-control-wrap\" data-name=\"tel\"><input size=\"40\" maxlength=\"400\" class=\"wpcf7-form-control wpcf7-tel wpcf7-validates-as-required wpcf7-text wpcf7-validates-as-tel\" aria-required=\"true\" aria-invalid=\"false\" placeholder=\"Phone\" value=\"\" type=\"tel\" name=\"tel\" \/><\/span>\n\t<\/p>\n<\/div>\n<div class=\"column dt-sc-one-half\">\n\t<p><i class=\"fa fa-envelope\"><\/i><span class=\"wpcf7-form-control-wrap\" data-name=\"email\"><input size=\"40\" maxlength=\"400\" class=\"wpcf7-form-control wpcf7-email wpcf7-validates-as-required wpcf7-text wpcf7-validates-as-email\" aria-required=\"true\" aria-invalid=\"false\" placeholder=\"Email *\" value=\"\" type=\"email\" name=\"email\" \/><\/span>\n\t<\/p>\n<\/div>\n<div class=\"column dt-sc-one-column first\">\n\t<p><i class=\"fa fa-pen\"><\/i><span class=\"wpcf7-form-control-wrap\" data-name=\"textarea-960\"><textarea cols=\"40\" rows=\"10\" maxlength=\"2000\" class=\"wpcf7-form-control wpcf7-textarea\" aria-invalid=\"false\" placeholder=\"Message\" name=\"textarea-960\"><\/textarea><\/span>\n\t<\/p>\n<\/div>\n<div class=\"aligncenter\">\n\t<p><input class=\"wpcf7-form-control wpcf7-submit has-spinner\" type=\"submit\" value=\"Send\" \/>\n\t<\/p>\n<\/div><div class=\"wpcf7-response-output\" aria-hidden=\"true\"><\/div>\n<input type=\"hidden\" name=\"trp-form-language\" value=\"en\"\/><\/form>\n<\/div>\n<div id=\"1531201331746-9509448b-8fc6\" class=\"dt-sc-empty-space\"><\/div><\/div><\/div><\/div><\/div><div class=\"vc_row-full-width vc_clearfix\"><\/div>\n<\/div>","protected":false},"excerpt":{"rendered":"Informacje kontaktowe Adres53-238 Wroc\u0142aw, Poland, ul. Ostrowskiego 7\/033 Pon-Pt: 8:00-16:00 Telefon+48 573 207 275 +48 506 322 851 biuro@intqs.eu Jakie s\u0105 Twoje potrzeby?Interesuje mnie: Sortowanie i Kontrola Obr\u00f3bka i Monta\u017c Magazynowanie i Logistyka &nbsp;","protected":false},"author":1,"featured_media":0,"parent":0,"menu_order":0,"comment_status":"closed","ping_status":"closed","template":"","meta":{"footnotes":""},"class_list":["post-237","page","type-page","status-publish","hentry"],"_links":{"self":[{"href":"https:\/\/intqs.eu\/en\/wp-json\/wp\/v2\/pages\/237","targetHints":{"allow":["GET"]}}],"collection":[{"href":"https:\/\/intqs.eu\/en\/wp-json\/wp\/v2\/pages"}],"about":[{"href":"https:\/\/intqs.eu\/en\/wp-json\/wp\/v2\/types\/page"}],"author":[{"embeddable":true,"href":"https:\/\/intqs.eu\/en\/wp-json\/wp\/v2\/users\/1"}],"replies":[{"embeddable":true,"href":"https:\/\/intqs.eu\/en\/wp-json\/wp\/v2\/comments?post=237"}],"version-history":[{"count":17,"href":"https:\/\/intqs.eu\/en\/wp-json\/wp\/v2\/pages\/237\/revisions"}],"predecessor-version":[{"id":11317,"href":"https:\/\/intqs.eu\/en\/wp-json\/wp\/v2\/pages\/237\/revisions\/11317"}],"wp:attachment":[{"href":"https:\/\/intqs.eu\/en\/wp-json\/wp\/v2\/media?parent=237"}],"curies":[{"name":"wp","href":"https:\/\/api.w.org\/{rel}","templated":true}]}}